{"id":9,"date":"2026-02-18T07:55:18","date_gmt":"2026-02-18T07:55:18","guid":{"rendered":"http:\/\/kofabat.fr\/?page_id=9"},"modified":"2026-03-07T09:33:10","modified_gmt":"2026-03-07T09:33:10","slug":"a","status":"publish","type":"page","link":"https:\/\/kofabat.fr\/","title":{"rendered":"KOFABAT"},"content":{"rendered":"\t\t<div data-elementor-type=\"wp-page\" data-elementor-id=\"9\" class=\"elementor elementor-9\">\n\t\t\t\t<div class=\"elementor-element elementor-element-89a54d8 e-con-full e-flex e-con e-parent\" data-id=\"89a54d8\" data-element_type=\"container\" data-e-type=\"container\" data-settings=\"{&quot;background_background&quot;:&quot;classic&quot;}\">\n\t\t\t\t<div class=\"elementor-element elementor-element-dc21dbb elementor-widget elementor-widget-image\" data-id=\"dc21dbb\" data-element_type=\"widget\" data-e-type=\"widget\" data-widget_type=\"image.default\">\n\t\t\t\t\t\t\t\t\t\t\t\t\t\t\t<img fetchpriority=\"high\" decoding=\"async\" width=\"512\" height=\"512\" src=\"https:\/\/kofabat.fr\/wp-content\/uploads\/2026\/03\/cropped-462E1EEB-74BE-4500-9C51-4B7D54F39E71.png\" class=\"attachment-medium_large size-medium_large wp-image-193\" alt=\"\" srcset=\"https:\/\/kofabat.fr\/wp-content\/uploads\/2026\/03\/cropped-462E1EEB-74BE-4500-9C51-4B7D54F39E71.png 512w, https:\/\/kofabat.fr\/wp-content\/uploads\/2026\/03\/cropped-462E1EEB-74BE-4500-9C51-4B7D54F39E71-300x300.png 300w, https:\/\/kofabat.fr\/wp-content\/uploads\/2026\/03\/cropped-462E1EEB-74BE-4500-9C51-4B7D54F39E71-150x150.png 150w, https:\/\/kofabat.fr\/wp-content\/uploads\/2026\/03\/cropped-462E1EEB-74BE-4500-9C51-4B7D54F39E71-270x270.png 270w, https:\/\/kofabat.fr\/wp-content\/uploads\/2026\/03\/cropped-462E1EEB-74BE-4500-9C51-4B7D54F39E71-192x192.png 192w, https:\/\/kofabat.fr\/wp-content\/uploads\/2026\/03\/cropped-462E1EEB-74BE-4500-9C51-4B7D54F39E71-180x180.png 180w, https:\/\/kofabat.fr\/wp-content\/uploads\/2026\/03\/cropped-462E1EEB-74BE-4500-9C51-4B7D54F39E71-32x32.png 32w\" sizes=\"(max-width: 512px) 100vw, 512px\" \/>\t\t\t\t\t\t\t\t\t\t\t\t\t\t\t<\/div>\n\t\t\t\t<div class=\"elementor-element elementor-element-3c2e611 elementor-widget__width-initial elementor-widget elementor-widget-text-editor\" data-id=\"3c2e611\" data-element_type=\"widget\" data-e-type=\"widget\" data-widget_type=\"text-editor.default\">\n\t\t\t\t\t\t\t\t\t<h3 style=\"text-align: center;\"><strong>KOFABAT<\/strong> est une entreprise de r\u00e9novation bas\u00e9e sur la C\u00f4te d\u2019Azur et partenaire de la technologie innovante<\/h3>\t\t\t\t\t\t\t\t<\/div>\n\t\t\t\t<div class=\"elementor-element elementor-element-42bf346 elementor-widget__width-initial elementor-widget elementor-widget-text-editor\" data-id=\"42bf346\" data-element_type=\"widget\" data-e-type=\"widget\" data-widget_type=\"text-editor.default\">\n\t\t\t\t\t\t\t\t\t<h4>\u00c0 l\u2019occasion de la Foire Internationale de Nice, nous vous invitons \u00e0 d\u00e9couvrir nos solutions pour am\u00e9liorer l\u2019isolation thermique des maisons et prot\u00e9ger votre habitation contre la chaleur et le froid.<\/h4>\t\t\t\t\t\t\t\t<\/div>\n\t\t\t\t<div class=\"elementor-element elementor-element-0947d6d elementor-align-center elementor-widget elementor-widget-button\" data-id=\"0947d6d\" data-element_type=\"widget\" data-e-type=\"widget\" id=\"devis\" data-widget_type=\"button.default\">\n\t\t\t\t\t\t\t\t\t\t<a class=\"elementor-button elementor-button-link elementor-size-sm\" href=\"#devis\" id=\"1\">\n\t\t\t\t\t\t<span class=\"elementor-button-content-wrapper\">\n\t\t\t\t\t\t\t\t\t<span class=\"elementor-button-text\">Obtenir un devis<\/span>\n\t\t\t\t\t<\/span>\n\t\t\t\t\t<\/a>\n\t\t\t\t\t\t\t\t<\/div>\n\t\t\t\t<\/div>\n\t\t<div class=\"elementor-element elementor-element-06b8c58 e-flex e-con-boxed e-con e-parent\" data-id=\"06b8c58\" data-element_type=\"container\" data-e-type=\"container\" data-settings=\"{&quot;background_background&quot;:&quot;classic&quot;}\">\n\t\t\t\t\t<div class=\"e-con-inner\">\n\t\t<div class=\"elementor-element elementor-element-6dec8e0 e-con-full e-flex e-con e-child\" data-id=\"6dec8e0\" data-element_type=\"container\" data-e-type=\"container\">\n\t\t\t\t<div class=\"elementor-element elementor-element-a8e87b3 elementor-widget elementor-widget-image\" data-id=\"a8e87b3\" data-element_type=\"widget\" data-e-type=\"widget\" data-widget_type=\"image.default\">\n\t\t\t\t\t\t\t\t\t\t\t\t\t\t\t<img decoding=\"async\" width=\"768\" height=\"576\" src=\"https:\/\/kofabat.fr\/wp-content\/uploads\/2026\/03\/IMG_0365-e1772833671463.png\" class=\"attachment-medium_large size-medium_large wp-image-64\" alt=\"\" \/>\t\t\t\t\t\t\t\t\t\t\t\t\t\t\t<\/div>\n\t\t\t\t<\/div>\n\t\t<div class=\"elementor-element elementor-element-743fda4 e-con-full e-flex e-con e-child\" data-id=\"743fda4\" data-element_type=\"container\" data-e-type=\"container\">\n\t\t\t\t<div class=\"elementor-element elementor-element-226338b elementor-widget elementor-widget-heading\" data-id=\"226338b\" data-element_type=\"widget\" data-e-type=\"widget\" data-widget_type=\"heading.default\">\n\t\t\t\t\t<h2 class=\"elementor-heading-title elementor-size-default\">D\u00e9couvrez la technologie KOFATERM \u00e0 la Foire Internationale de Nice avec KOFABAT<\/h2>\t\t\t\t<\/div>\n\t\t\t\t<div class=\"elementor-element elementor-element-7a297e2 elementor-widget elementor-widget-text-editor\" data-id=\"7a297e2\" data-element_type=\"widget\" data-e-type=\"widget\" data-widget_type=\"text-editor.default\">\n\t\t\t\t\t\t\t\t\t<p>Nous serons pr\u00e9sents \u00e0 la Foire Internationale de Nice pour vous pr\u00e9senter nos solutions de r\u00e9novation et la technologie innovante KOFATERM.<\/p><p>Venez rencontrer notre \u00e9quipe et d\u00e9couvrir comment am\u00e9liorer le confort thermique de votre maison.<\/p>\t\t\t\t\t\t\t\t<\/div>\n\t\t\t\t<div class=\"elementor-element elementor-element-fb6bef0 elementor-align-center elementor-widget__width-initial elementor-widget elementor-widget-button\" data-id=\"fb6bef0\" data-element_type=\"widget\" data-e-type=\"widget\" data-widget_type=\"button.default\">\n\t\t\t\t\t\t\t\t\t\t<a class=\"elementor-button elementor-button-link elementor-size-sm elementor-animation-shrink\" href=\"https:\/\/kofaterm.fr\/invitation\">\n\t\t\t\t\t\t<span class=\"elementor-button-content-wrapper\">\n\t\t\t\t\t\t\t\t\t<span class=\"elementor-button-text\">\ud83d\udce9 Recevoir votre invitation<\/span>\n\t\t\t\t\t<\/span>\n\t\t\t\t\t<\/a>\n\t\t\t\t\t\t\t\t<\/div>\n\t\t\t\t<\/div>\n\t\t\t\t\t<\/div>\n\t\t\t\t<\/div>\n\t\t<div class=\"elementor-element elementor-element-a44220e e-flex e-con-boxed e-con e-parent\" data-id=\"a44220e\" data-element_type=\"container\" data-e-type=\"container\" data-settings=\"{&quot;background_background&quot;:&quot;classic&quot;}\">\n\t\t\t\t\t<div class=\"e-con-inner\">\n\t\t\t\t<div class=\"elementor-element elementor-element-cb8f147 elementor-widget__width-initial elementor-widget elementor-widget-heading\" data-id=\"cb8f147\" data-element_type=\"widget\" data-e-type=\"widget\" data-widget_type=\"heading.default\">\n\t\t\t\t\t<h2 class=\"elementor-heading-title elementor-size-default\">Nous contacter\n<\/h2>\t\t\t\t<\/div>\n\t\t\t\t<div class=\"elementor-element elementor-element-46a2f9c elementor-widget elementor-widget-shortcode\" data-id=\"46a2f9c\" data-element_type=\"widget\" data-e-type=\"widget\" id=\"devis\" data-widget_type=\"shortcode.default\">\n\t\t\t\t\t\t\t<div class=\"elementor-shortcode\">\n<div class=\"wpcf7 no-js\" id=\"wpcf7-f39-o1\" lang=\"en-US\" dir=\"ltr\" data-wpcf7-id=\"39\">\n<div class=\"screen-reader-response\"><p role=\"status\" aria-live=\"polite\" aria-atomic=\"true\"><\/p> <ul><\/ul><\/div>\n<form action=\"\/index.php\/wp-json\/wp\/v2\/pages\/9#wpcf7-f39-o1\" method=\"post\" class=\"wpcf7-form init\" aria-label=\"Contact form\" novalidate=\"novalidate\" data-status=\"init\">\n<fieldset class=\"hidden-fields-container\"><input type=\"hidden\" name=\"_wpcf7\" value=\"39\" \/><input type=\"hidden\" name=\"_wpcf7_version\" value=\"6.1.5\" \/><input type=\"hidden\" name=\"_wpcf7_locale\" value=\"en_US\" \/><input type=\"hidden\" name=\"_wpcf7_unit_tag\" value=\"wpcf7-f39-o1\" \/><input type=\"hidden\" name=\"_wpcf7_container_post\" value=\"0\" \/><input type=\"hidden\" name=\"_wpcf7_posted_data_hash\" value=\"\" \/>\n<\/fieldset>\n<p><label> Votre nom<br \/>\n<span class=\"wpcf7-form-control-wrap\" data-name=\"your-name\"><input size=\"40\" maxlength=\"400\" class=\"wpcf7-form-control wpcf7-text wpcf7-validates-as-required\" aria-required=\"true\" aria-invalid=\"false\" placeholder=\"Nom complet\" value=\"\" type=\"text\" name=\"your-name\" \/><\/span><br \/>\n<\/label>\n<\/p>\n<p><label> Votre email<br \/>\n<span class=\"wpcf7-form-control-wrap\" data-name=\"your-email\"><input size=\"40\" maxlength=\"400\" class=\"wpcf7-form-control wpcf7-email wpcf7-validates-as-required wpcf7-text wpcf7-validates-as-email\" aria-required=\"true\" aria-invalid=\"false\" placeholder=\"Email\" value=\"\" type=\"email\" name=\"your-email\" \/><\/span><br \/>\n<\/label>\n<\/p>\n<p><label> T\u00e9l\u00e9phone<br \/>\n<span class=\"wpcf7-form-control-wrap\" data-name=\"your-phone\"><input size=\"40\" maxlength=\"400\" class=\"wpcf7-form-control wpcf7-tel wpcf7-validates-as-required wpcf7-text wpcf7-validates-as-tel\" aria-required=\"true\" aria-invalid=\"false\" placeholder=\"Num\u00e9ro de t\u00e9l\u00e9phone\" value=\"\" type=\"tel\" name=\"your-phone\" \/><\/span><br \/>\n<\/label>\n<\/p>\n<p><label> Commentaires<br \/>\n<span class=\"wpcf7-form-control-wrap\" data-name=\"commentaires\"><textarea cols=\"40\" rows=\"5\" maxlength=\"2000\" class=\"wpcf7-form-control wpcf7-textarea\" aria-invalid=\"false\" name=\"commentaires\"><\/textarea><\/span><br \/>\n<\/label>\n<\/p>\n<p><input class=\"wpcf7-form-control wpcf7-submit has-spinner\" type=\"submit\" value=\"Obtenir un devis\" \/>\n<\/p><div class=\"wpcf7-response-output\" aria-hidden=\"true\"><\/div>\n<\/form>\n<\/div>\n<\/div>\n\t\t\t\t\t\t<\/div>\n\t\t\t\t\t<\/div>\n\t\t\t\t<\/div>\n\t\t<div class=\"elementor-element elementor-element-803bb50 e-flex e-con-boxed e-con e-parent\" data-id=\"803bb50\" data-element_type=\"container\" data-e-type=\"container\">\n\t\t\t\t\t<div class=\"e-con-inner\">\n\t\t<div class=\"elementor-element elementor-element-d78336c e-con-full e-flex e-con e-child\" data-id=\"d78336c\" data-element_type=\"container\" data-e-type=\"container\">\n\t\t\t\t<div class=\"elementor-element elementor-element-21bb462 elementor-widget elementor-widget-image\" data-id=\"21bb462\" data-element_type=\"widget\" data-e-type=\"widget\" data-widget_type=\"image.default\">\n\t\t\t\t\t\t\t\t\t\t\t\t\t\t\t<img decoding=\"async\" width=\"768\" height=\"1024\" src=\"https:\/\/kofabat.fr\/wp-content\/uploads\/2026\/03\/IMG_0314.jpeg\" class=\"attachment-large size-large wp-image-184\" alt=\"\" \/>\t\t\t\t\t\t\t\t\t\t\t\t\t\t\t<\/div>\n\t\t\t\t<\/div>\n\t\t<div class=\"elementor-element elementor-element-f083456 e-con-full e-flex e-con e-child\" data-id=\"f083456\" data-element_type=\"container\" data-e-type=\"container\">\n\t\t\t\t<div class=\"elementor-element elementor-element-5422a8c elementor-widget elementor-widget-image\" data-id=\"5422a8c\" data-element_type=\"widget\" data-e-type=\"widget\" data-widget_type=\"image.default\">\n\t\t\t\t\t\t\t\t\t\t\t\t\t\t\t<img loading=\"lazy\" decoding=\"async\" width=\"768\" height=\"576\" src=\"https:\/\/kofabat.fr\/wp-content\/uploads\/2026\/03\/IMG_0379-768x576.jpeg\" class=\"attachment-medium_large size-medium_large wp-image-211\" alt=\"\" srcset=\"https:\/\/kofabat.fr\/wp-content\/uploads\/2026\/03\/IMG_0379-768x576.jpeg 768w, https:\/\/kofabat.fr\/wp-content\/uploads\/2026\/03\/IMG_0379-300x225.jpeg 300w, https:\/\/kofabat.fr\/wp-content\/uploads\/2026\/03\/IMG_0379-1024x768.jpeg 1024w, https:\/\/kofabat.fr\/wp-content\/uploads\/2026\/03\/IMG_0379-1536x1152.jpeg 1536w, https:\/\/kofabat.fr\/wp-content\/uploads\/2026\/03\/IMG_0379.jpeg 2000w\" sizes=\"(max-width: 768px) 100vw, 768px\" \/>\t\t\t\t\t\t\t\t\t\t\t\t\t\t\t<\/div>\n\t\t\t\t<div class=\"elementor-element elementor-element-01bfcbe elementor-widget elementor-widget-image\" data-id=\"01bfcbe\" data-element_type=\"widget\" data-e-type=\"widget\" data-widget_type=\"image.default\">\n\t\t\t\t\t\t\t\t\t\t\t\t\t\t\t<img loading=\"lazy\" decoding=\"async\" width=\"800\" height=\"522\" src=\"https:\/\/kofabat.fr\/wp-content\/uploads\/2026\/02\/IMG_0311-2-1024x668.jpeg\" class=\"attachment-large size-large wp-image-30\" alt=\"\" srcset=\"https:\/\/kofabat.fr\/wp-content\/uploads\/2026\/02\/IMG_0311-2-1024x668.jpeg 1024w, https:\/\/kofabat.fr\/wp-content\/uploads\/2026\/02\/IMG_0311-2-300x196.jpeg 300w, https:\/\/kofabat.fr\/wp-content\/uploads\/2026\/02\/IMG_0311-2-768x501.jpeg 768w, https:\/\/kofabat.fr\/wp-content\/uploads\/2026\/02\/IMG_0311-2-e1772853642517.jpeg 450w\" sizes=\"(max-width: 800px) 100vw, 800px\" \/>\t\t\t\t\t\t\t\t\t\t\t\t\t\t\t<\/div>\n\t\t\t\t<\/div>\n\t\t<div class=\"elementor-element elementor-element-02bd78a e-con-full e-flex e-con e-child\" data-id=\"02bd78a\" data-element_type=\"container\" data-e-type=\"container\">\n\t\t\t\t<\/div>\n\t\t<div class=\"elementor-element elementor-element-7330171 e-con-full e-flex e-con e-child\" data-id=\"7330171\" data-element_type=\"container\" data-e-type=\"container\">\n\t\t\t\t<div class=\"elementor-element elementor-element-c71e7e7 elementor-widget elementor-widget-image\" data-id=\"c71e7e7\" data-element_type=\"widget\" data-e-type=\"widget\" data-widget_type=\"image.default\">\n\t\t\t\t\t\t\t\t\t\t\t\t\t\t\t<img decoding=\"async\" src=\"https:\/\/kofabat.fr\/wp-content\/uploads\/2026\/02\/IMG_0315-2.jpeg\" title=\"IMG_0315\" alt=\"IMG_0315\" loading=\"lazy\" \/>\t\t\t\t\t\t\t\t\t\t\t\t\t\t\t<\/div>\n\t\t\t\t<\/div>\n\t\t<div class=\"elementor-element elementor-element-e884725 e-con-full e-flex e-con e-child\" data-id=\"e884725\" data-element_type=\"container\" data-e-type=\"container\">\n\t\t\t\t<\/div>\n\t\t\t\t\t<\/div>\n\t\t\t\t<\/div>\n\t\t\t\t<\/div>\n\t\t","protected":false},"excerpt":{"rendered":"<p>KOFABAT est une entreprise de r\u00e9novation bas\u00e9e sur la C\u00f4te d\u2019Azur et partenaire de la technologie innovante \u00c0 l\u2019occasion de la Foire Internationale de Nice, nous vous invitons \u00e0 d\u00e9couvrir nos solutions pour am\u00e9liorer l\u2019isolation thermique des maisons et prot\u00e9ger votre habitation contre la chaleur et le froid. Obtenir un devis D\u00e9couvrez la technologie KOFATERM [&hellip;]<\/p>\n","protected":false},"author":1,"featured_media":36,"parent":0,"menu_order":0,"comment_status":"closed","ping_status":"closed","template":"elementor_canvas","meta":{"footnotes":""},"class_list":["post-9","page","type-page","status-publish","has-post-thumbnail","hentry"],"_links":{"self":[{"href":"https:\/\/kofabat.fr\/index.php\/wp-json\/wp\/v2\/pages\/9","targetHints":{"allow":["GET"]}}],"collection":[{"href":"https:\/\/kofabat.fr\/index.php\/wp-json\/wp\/v2\/pages"}],"about":[{"href":"https:\/\/kofabat.fr\/index.php\/wp-json\/wp\/v2\/types\/page"}],"author":[{"embeddable":true,"href":"https:\/\/kofabat.fr\/index.php\/wp-json\/wp\/v2\/users\/1"}],"replies":[{"embeddable":true,"href":"https:\/\/kofabat.fr\/index.php\/wp-json\/wp\/v2\/comments?post=9"}],"version-history":[{"count":119,"href":"https:\/\/kofabat.fr\/index.php\/wp-json\/wp\/v2\/pages\/9\/revisions"}],"predecessor-version":[{"id":214,"href":"https:\/\/kofabat.fr\/index.php\/wp-json\/wp\/v2\/pages\/9\/revisions\/214"}],"wp:featuredmedia":[{"embeddable":true,"href":"https:\/\/kofabat.fr\/index.php\/wp-json\/wp\/v2\/media\/36"}],"wp:attachment":[{"href":"https:\/\/kofabat.fr\/index.php\/wp-json\/wp\/v2\/media?parent=9"}],"curies":[{"name":"wp","href":"https:\/\/api.w.org\/{rel}","templated":true}]}}